{"id":139305,"date":"2022-02-17T21:53:18","date_gmt":"2022-02-17T20:53:18","guid":{"rendered":"https:\/\/www.nutrimed.be\/?post_type=product&#038;p=139305"},"modified":"2026-04-23T17:11:08","modified_gmt":"2026-04-23T15:11:08","slug":"redichol-forte-ng","status":"publish","type":"product","link":"https:\/\/www.nutrimed.be\/fr\/produit\/cholesterolemie-normale-le-coeur-et-vaisseaux\/redichol-forte-ng\/","title":{"rendered":"Redichol Forte NG"},"content":{"rendered":"<h1><strong>Le Riz Rouge + la BERBERINE : une Nouvelle G\u00e9n\u00e9ration<\/strong><\/h1>\n<p>Redichol<strong><sup>\u00ae<\/sup><\/strong> Forte <u>NG<\/u> est une <strong><u>N<\/u>ouvelle <u>G<\/u>\u00e9n\u00e9ration <\/strong>qui agit \u00e0 la fois sur <strong>le cholest\u00e9rol<sup>(1)<\/sup> et la glyc\u00e9mie<sup>(2)<\/sup> <\/strong>gr\u00e2ce \u00e0 une formule tr\u00e8s compl\u00e8te et une combinaison unique de riz rouge avec la berb\u00e9rine<strong><sup>(1,2)<\/sup><\/strong>, la cannelle, l\u2019artichaut et le chrome<strong><sup>(2)<\/sup><\/strong>.<br \/>\n<span style=\"background-color: #ffff00;\">Pour cette raison, ce nouveau produit puissant remplace l\u2019ancien Redichol Q10+<\/span><br \/>\nLe nouveau Redichol<strong><sup>\u00ae<\/sup><\/strong> <strong>Forte NG<\/strong> est une <strong>Nouvelle G\u00e9n\u00e9ration avec, avant tout, une efficacit\u00e9 optimale et \u00e9gale pour votre cholest\u00e9rol !<br \/>\nGr\u00e2ce \u00e0 sa double action, Redichol<sup>\u00ae<\/sup> Forte <u>NG<\/u> controle en plus votre taux de sucre (ce qui est TOUJOURS tr\u00e8s int\u00e9ressant !).<br \/>\n<\/strong>Surtout la <strong>Berberine ou \u201cl\u2019arbre de curcuma\u201d<\/strong> est un extrait tr\u00e8s pur et puissant de l\u2019Himalaya et du N\u00e9pal et a une tradition s\u00e9culaire et b\u00e9n\u00e9fique dans les pays asiatiques. La berb\u00e9rine a \u00e9t\u00e9 tr\u00e8s bien document\u00e9e dans <strong>les \u00e9tudes scientifiques.<\/strong> Des preuves r\u00e9centes montrent que la berb\u00e9rine est une substance naturelle puissante avec <strong>une<\/strong> <strong>double action<\/strong> qui agit \u00e0 la fois sur <strong>le cholest\u00e9rol et la glyc\u00e9mie<\/strong>.<br \/>\nRedichol<strong><sup>\u00ae<\/sup><\/strong> Forte NG contient une berb\u00e9rine hautement concentr\u00e9e de <strong>500 mg<\/strong> et d&rsquo;au moins <strong>97%<\/strong> de Berb\u00e9rine HCl.<br \/>\nLa levure de <strong>riz rouge<\/strong> contient non seulement des monacolines mais \u00e9galement des acides gras insatur\u00e9s (acide ol\u00e9ique, acide linol\u00e9ique) et des phytost\u00e9rols.<br \/>\nChrome contribue au maintien d&rsquo;une glyc\u00e9mie normale.<br \/>\nLisez attentivement toutes les informations de Redichol<strong><sup>\u00ae<\/sup><\/strong> Forte NG et d\u00e9couvrez les avantages de ce produit tr\u00e8s puissant et complet<\/p>\n<h2><strong>Pourquoi choisir Redichol<sup>\u00ae\u00a0<\/sup>Forte NG ?<\/strong><\/h2>\n<h2>Un dosage optimal<\/h2>\n<p>Redichol<strong><sup>\u00ae<\/sup><\/strong> Forte NG es tune nouvelle g\u00e9n\u00e9ration et contient une formule tr\u00e8s compl\u00e8te et une combinaison unique de <strong>500 mg de Berb\u00e9rine (Berberis aristata ou \u201carbre de curcuma\u201d), 175 mg de levure de riz rouge<\/strong>, 50 mg d\u2019extrait de Cannelle (puissance 10\/1), 30 mg extrait d\u2019Artichaut (puissance 12\/1), 10 mg de Zinc et 50 \u00b5g de Chrome.<br \/>\nLa dose recommand\u00e9e est seulement 1 comprim\u00e9 par jour.<br \/>\nRedichol<strong><sup>\u00ae<\/sup><\/strong> Forte NG contient le <strong>Rebersa<\/strong><strong><sup>\u00ae <\/sup><\/strong><strong>brevet\u00e9<\/strong>, une berb\u00e9rine innovante et soigneusement s\u00e9lectionn\u00e9e et d\u2019une qualit\u00e9 \u00e9prouv\u00e9e. Il s&rsquo;agit d&rsquo;une berb\u00e9rine hautement concentr\u00e9e d&rsquo;au moins <strong>97%<\/strong> de Berb\u00e9rine HCl.<\/p>\n<h2>Une biodisponibilit\u00e9 accrue<\/h2>\n<p>Redichol<strong><sup>\u00ae<\/sup><\/strong> Forte NG contiennent la Berb\u00e9rine, le riz rouge, la cannelle, l\u2019artichaut, le zinc et le chrome, <strong>une composition tr\u00e8s compl\u00e8te <\/strong>qui vous assurent une biodisponibilit\u00e9 optimale.<br \/>\nRedichol<strong><sup>\u00ae<\/sup><\/strong> Forte NG <strong>est une nouvelle g\u00e9n\u00e9ration<\/strong> gr\u00e2ce \u00e0 sa <strong>double action<\/strong> qui agit \u00e0 la fois sur le cholest\u00e9rol et la glyc\u00e9mie.<\/p>\n<h2>Une excellente qualit\u00e9<\/h2>\n<p>Redichol<strong><sup>\u00ae<\/sup><\/strong> Forte NG est un suppl\u00e9ment alimentaire \u00e0<strong>\u00a0haute technologie,<\/strong>\u00a0produit par des producteurs renomm\u00e9s d\u2019Europe de l\u2019Ouest et qui est rigoureusement contr\u00f4l\u00e9e et r\u00e9pond aux normes\u00a0<strong>HACCP, les normes de qualit\u00e9 les plus s\u00e9v\u00e8res.<\/strong><br \/>\nDe plus le Redichol<strong><sup>\u00ae<\/sup><\/strong> Forte NG ne contient\u00a0<strong>ni sucre, ni sel, ni lactose, ni gluten.<\/strong><\/p>\n<h2>La garantie de meilleur prix<\/h2>\n<p>En offrant un prix d\u2019achat optimal pour le consommateur, Redichol<strong><sup>\u00ae<\/sup><\/strong> Forte NG r\u00e9pond \u00e0 l\u2019exigence d\u2019un excellent rapport Prix \/ Qualit\u00e9 (label PQ).<br \/>\nPour Redichol<strong><sup>\u00ae<\/sup><\/strong> Forte NG 60 comprim\u00e9s, un traitement de 2 mois, vous payez seulement\u00a024.95 \u20ac ce qui correspond \u00e0\u00a0<em><strong>12.5 \u20ac par mois (1\/jour)<\/strong><\/em>.<\/p>\n<h2>100% hygi\u00e9nique et transparant<\/h2>\n<p>Les comprim\u00e9s pellicul\u00e9s de Redichol<strong><sup>\u00ae<\/sup><\/strong> Forte NG se trouvent dans un emballage hygi\u00e9nique qui s\u00e9pare les comprim\u00e9s (pas des pots).<br \/>\nCet emballage montre d\u2019une fa\u00e7on claire le dosage et la composition compl\u00e8te.<br \/>\nRedichol<strong><sup>\u00ae<\/sup><\/strong> Forte NG se trouve \u00e0 la pharmacie et contient\u00a0<em><strong>une notice qui est claire, adapt\u00e9 \u00e0 vous et scientifiquement correct.<\/strong><\/em><\/p>\n<h3><a href=\"\/wp-content\/uploads\/2022\/02\/Bijsluiter_Redichol_Forte_FR.pdf\">T\u00e9l\u00e9chargez la notice et d\u00e9couvrez les avantages !<\/a><\/h3>\n","protected":false},"excerpt":{"rendered":"<p>Cholest\u00e9rol et glyc\u00e9mie<\/p>\n","protected":false},"featured_media":139300,"comment_status":"open","ping_status":"closed","template":"","meta":[],"product_brand":[],"product_cat":[28],"product_tag":[],"class_list":{"0":"post-139305","1":"product","2":"type-product","3":"status-publish","4":"has-post-thumbnail","6":"product_cat-cholesterolemie-normale-le-coeur-et-vaisseaux","8":"first","9":"instock","10":"sale","11":"virtual","12":"taxable","13":"purchasable","14":"product-type-simple"},"yoast_head":"<!-- This site is optimized with the Yoast SEO plugin v27.0 - https:\/\/yoast.com\/product\/yoast-seo-wordpress\/ -->\n<title>Redichol Forte NG - Nutrimed<\/title>\n<meta name=\"robots\" content=\"index, follow, max-snippet:-1, max-image-preview:large, max-video-preview:-1\" \/>\n<link rel=\"canonical\" href=\"https:\/\/www.nutrimed.be\/fr\/produit\/cholesterolemie-normale-le-coeur-et-vaisseaux\/redichol-forte-ng\/\" \/>\n<meta property=\"og:locale\" content=\"fr_FR\" \/>\n<meta property=\"og:type\" content=\"article\" \/>\n<meta property=\"og:title\" content=\"Redichol Forte NG - Nutrimed\" \/>\n<meta property=\"og:description\" content=\"Cholest\u00e9rol et glyc\u00e9mie\" \/>\n<meta property=\"og:url\" content=\"https:\/\/www.nutrimed.be\/fr\/produit\/cholesterolemie-normale-le-coeur-et-vaisseaux\/redichol-forte-ng\/\" \/>\n<meta property=\"og:site_name\" content=\"Nutrimed\" \/>\n<meta property=\"article:modified_time\" content=\"2026-04-23T15:11:08+00:00\" \/>\n<meta property=\"og:image\" content=\"https:\/\/www.nutrimed.be\/wp-content\/uploads\/2022\/02\/redichol-ng.jpg\" \/>\n\t<meta property=\"og:image:width\" content=\"1000\" \/>\n\t<meta property=\"og:image:height\" content=\"553\" \/>\n\t<meta property=\"og:image:type\" content=\"image\/jpeg\" \/>\n<meta name=\"twitter:card\" content=\"summary_large_image\" \/>\n<meta name=\"twitter:label1\" content=\"Dur\u00e9e de lecture estim\u00e9e\" \/>\n\t<meta name=\"twitter:data1\" content=\"4 minutes\" \/>\n<script type=\"application\/ld+json\" class=\"yoast-schema-graph\">{\"@context\":\"https:\/\/schema.org\",\"@graph\":[{\"@type\":\"WebPage\",\"@id\":\"https:\/\/www.nutrimed.be\/fr\/produit\/cholesterolemie-normale-le-coeur-et-vaisseaux\/redichol-forte-ng\/\",\"url\":\"https:\/\/www.nutrimed.be\/fr\/produit\/cholesterolemie-normale-le-coeur-et-vaisseaux\/redichol-forte-ng\/\",\"name\":\"Redichol Forte NG - Nutrimed\",\"isPartOf\":{\"@id\":\"https:\/\/www.nutrimed.be\/#website\"},\"primaryImageOfPage\":{\"@id\":\"https:\/\/www.nutrimed.be\/fr\/produit\/cholesterolemie-normale-le-coeur-et-vaisseaux\/redichol-forte-ng\/#primaryimage\"},\"image\":{\"@id\":\"https:\/\/www.nutrimed.be\/fr\/produit\/cholesterolemie-normale-le-coeur-et-vaisseaux\/redichol-forte-ng\/#primaryimage\"},\"thumbnailUrl\":\"https:\/\/www.nutrimed.be\/wp-content\/uploads\/2022\/02\/redichol-ng.jpg\",\"datePublished\":\"2022-02-17T20:53:18+00:00\",\"dateModified\":\"2026-04-23T15:11:08+00:00\",\"breadcrumb\":{\"@id\":\"https:\/\/www.nutrimed.be\/fr\/produit\/cholesterolemie-normale-le-coeur-et-vaisseaux\/redichol-forte-ng\/#breadcrumb\"},\"inLanguage\":\"fr-FR\",\"potentialAction\":[{\"@type\":\"ReadAction\",\"target\":[\"https:\/\/www.nutrimed.be\/fr\/produit\/cholesterolemie-normale-le-coeur-et-vaisseaux\/redichol-forte-ng\/\"]}]},{\"@type\":\"ImageObject\",\"inLanguage\":\"fr-FR\",\"@id\":\"https:\/\/www.nutrimed.be\/fr\/produit\/cholesterolemie-normale-le-coeur-et-vaisseaux\/redichol-forte-ng\/#primaryimage\",\"url\":\"https:\/\/www.nutrimed.be\/wp-content\/uploads\/2022\/02\/redichol-ng.jpg\",\"contentUrl\":\"https:\/\/www.nutrimed.be\/wp-content\/uploads\/2022\/02\/redichol-ng.jpg\",\"width\":1000,\"height\":553},{\"@type\":\"BreadcrumbList\",\"@id\":\"https:\/\/www.nutrimed.be\/fr\/produit\/cholesterolemie-normale-le-coeur-et-vaisseaux\/redichol-forte-ng\/#breadcrumb\",\"itemListElement\":[{\"@type\":\"ListItem\",\"position\":1,\"name\":\"Home\",\"item\":\"https:\/\/www.nutrimed.be\/fr\/\"},{\"@type\":\"ListItem\",\"position\":2,\"name\":\"Winkel\",\"item\":\"https:\/\/www.nutrimed.be\/fr\/\"},{\"@type\":\"ListItem\",\"position\":3,\"name\":\"Redichol Forte NG\"}]},{\"@type\":\"WebSite\",\"@id\":\"https:\/\/www.nutrimed.be\/#website\",\"url\":\"https:\/\/www.nutrimed.be\/\",\"name\":\"Nutrimed\",\"description\":\"Uw partner in voedingssupplementen\",\"potentialAction\":[{\"@type\":\"SearchAction\",\"target\":{\"@type\":\"EntryPoint\",\"urlTemplate\":\"https:\/\/www.nutrimed.be\/?s={search_term_string}\"},\"query-input\":{\"@type\":\"PropertyValueSpecification\",\"valueRequired\":true,\"valueName\":\"search_term_string\"}}],\"inLanguage\":\"fr-FR\"}]}<\/script>\n<!-- \/ Yoast SEO plugin. -->","yoast_head_json":{"title":"Redichol Forte NG - Nutrimed","robots":{"index":"index","follow":"follow","max-snippet":"max-snippet:-1","max-image-preview":"max-image-preview:large","max-video-preview":"max-video-preview:-1"},"canonical":"https:\/\/www.nutrimed.be\/fr\/produit\/cholesterolemie-normale-le-coeur-et-vaisseaux\/redichol-forte-ng\/","og_locale":"fr_FR","og_type":"article","og_title":"Redichol Forte NG - Nutrimed","og_description":"Cholest\u00e9rol et glyc\u00e9mie","og_url":"https:\/\/www.nutrimed.be\/fr\/produit\/cholesterolemie-normale-le-coeur-et-vaisseaux\/redichol-forte-ng\/","og_site_name":"Nutrimed","article_modified_time":"2026-04-23T15:11:08+00:00","og_image":[{"width":1000,"height":553,"url":"https:\/\/www.nutrimed.be\/wp-content\/uploads\/2022\/02\/redichol-ng.jpg","type":"image\/jpeg"}],"twitter_card":"summary_large_image","twitter_misc":{"Dur\u00e9e de lecture estim\u00e9e":"4 minutes"},"schema":{"@context":"https:\/\/schema.org","@graph":[{"@type":"WebPage","@id":"https:\/\/www.nutrimed.be\/fr\/produit\/cholesterolemie-normale-le-coeur-et-vaisseaux\/redichol-forte-ng\/","url":"https:\/\/www.nutrimed.be\/fr\/produit\/cholesterolemie-normale-le-coeur-et-vaisseaux\/redichol-forte-ng\/","name":"Redichol Forte NG - Nutrimed","isPartOf":{"@id":"https:\/\/www.nutrimed.be\/#website"},"primaryImageOfPage":{"@id":"https:\/\/www.nutrimed.be\/fr\/produit\/cholesterolemie-normale-le-coeur-et-vaisseaux\/redichol-forte-ng\/#primaryimage"},"image":{"@id":"https:\/\/www.nutrimed.be\/fr\/produit\/cholesterolemie-normale-le-coeur-et-vaisseaux\/redichol-forte-ng\/#primaryimage"},"thumbnailUrl":"https:\/\/www.nutrimed.be\/wp-content\/uploads\/2022\/02\/redichol-ng.jpg","datePublished":"2022-02-17T20:53:18+00:00","dateModified":"2026-04-23T15:11:08+00:00","breadcrumb":{"@id":"https:\/\/www.nutrimed.be\/fr\/produit\/cholesterolemie-normale-le-coeur-et-vaisseaux\/redichol-forte-ng\/#breadcrumb"},"inLanguage":"fr-FR","potentialAction":[{"@type":"ReadAction","target":["https:\/\/www.nutrimed.be\/fr\/produit\/cholesterolemie-normale-le-coeur-et-vaisseaux\/redichol-forte-ng\/"]}]},{"@type":"ImageObject","inLanguage":"fr-FR","@id":"https:\/\/www.nutrimed.be\/fr\/produit\/cholesterolemie-normale-le-coeur-et-vaisseaux\/redichol-forte-ng\/#primaryimage","url":"https:\/\/www.nutrimed.be\/wp-content\/uploads\/2022\/02\/redichol-ng.jpg","contentUrl":"https:\/\/www.nutrimed.be\/wp-content\/uploads\/2022\/02\/redichol-ng.jpg","width":1000,"height":553},{"@type":"BreadcrumbList","@id":"https:\/\/www.nutrimed.be\/fr\/produit\/cholesterolemie-normale-le-coeur-et-vaisseaux\/redichol-forte-ng\/#breadcrumb","itemListElement":[{"@type":"ListItem","position":1,"name":"Home","item":"https:\/\/www.nutrimed.be\/fr\/"},{"@type":"ListItem","position":2,"name":"Winkel","item":"https:\/\/www.nutrimed.be\/fr\/"},{"@type":"ListItem","position":3,"name":"Redichol Forte NG"}]},{"@type":"WebSite","@id":"https:\/\/www.nutrimed.be\/#website","url":"https:\/\/www.nutrimed.be\/","name":"Nutrimed","description":"Uw partner in voedingssupplementen","potentialAction":[{"@type":"SearchAction","target":{"@type":"EntryPoint","urlTemplate":"https:\/\/www.nutrimed.be\/?s={search_term_string}"},"query-input":{"@type":"PropertyValueSpecification","valueRequired":true,"valueName":"search_term_string"}}],"inLanguage":"fr-FR"}]}},"_links":{"self":[{"href":"https:\/\/www.nutrimed.be\/fr\/wp-json\/wp\/v2\/product\/139305","targetHints":{"allow":["GET"]}}],"collection":[{"href":"https:\/\/www.nutrimed.be\/fr\/wp-json\/wp\/v2\/product"}],"about":[{"href":"https:\/\/www.nutrimed.be\/fr\/wp-json\/wp\/v2\/types\/product"}],"replies":[{"embeddable":true,"href":"https:\/\/www.nutrimed.be\/fr\/wp-json\/wp\/v2\/comments?post=139305"}],"wp:featuredmedia":[{"embeddable":true,"href":"https:\/\/www.nutrimed.be\/fr\/wp-json\/wp\/v2\/media\/139300"}],"wp:attachment":[{"href":"https:\/\/www.nutrimed.be\/fr\/wp-json\/wp\/v2\/media?parent=139305"}],"wp:term":[{"taxonomy":"product_brand","embeddable":true,"href":"https:\/\/www.nutrimed.be\/fr\/wp-json\/wp\/v2\/product_brand?post=139305"},{"taxonomy":"product_cat","embeddable":true,"href":"https:\/\/www.nutrimed.be\/fr\/wp-json\/wp\/v2\/product_cat?post=139305"},{"taxonomy":"product_tag","embeddable":true,"href":"https:\/\/www.nutrimed.be\/fr\/wp-json\/wp\/v2\/product_tag?post=139305"}],"curies":[{"name":"wp","href":"https:\/\/api.w.org\/{rel}","templated":true}]}}